{"id":2076,"date":"2023-09-11T11:23:44","date_gmt":"2023-09-11T08:23:44","guid":{"rendered":"https:\/\/bonus.casinometropol984.com\/tr\/?page_id=2076"},"modified":"2024-04-17T11:46:21","modified_gmt":"2024-04-17T08:46:21","slug":"jackpot-bilgi-merkezi","status":"publish","type":"page","link":"https:\/\/bonus.casinometropol984.com\/tr\/jackpot-bilgi-merkezi\/","title":{"rendered":"Jackpot Bilgi Merkezi"},"content":{"rendered":"<h2>Jackpot Bilgi Merkezi<\/h2>\n<p><b data-stringify-type=\"bold\">Milyonlarca TL<\/b>\u00a0\u00f6d\u00fcl da\u011f\u0131tan Jackpot oyunlar\u0131na bir t\u0131k kadar yak\u0131ns\u0131n\u0131z. Kazan\u00e7 \u015fans\u0131n\u0131z\u0131 en \u00fcst d\u00fczeye \u00e7\u0131karmaya ne dersiniz?<\/p>\n<p>En me\u015fhur jackpot oyunlar\u0131n\u0131 g\u00fcncel jackpot miktar\u0131 ve \u00f6deme verileriyle &#8220;<b data-stringify-type=\"bold\">Jackpot Bilgi Merkezi&#8221;<\/b>nde sizin i\u00e7in analiz ediyoruz. B\u00f6ylece sayfa i\u00e7inde gezinerek hangi jackpot oyununun patlamaya en yak\u0131n oldu\u011funu g\u00f6rebilir, hangi oyunla\u00a0<b data-stringify-type=\"bold\">kazanc\u0131n zirvesine eri\u015fmek<\/b>\u00a0istedi\u011finize karar verebilirsiniz!<\/p>\n<p><small style=\"padding: 20px 0 0;\"><br \/>\n*Sayfadaki Jackpot miktarlar\u0131 g\u00fcncel olup belirli aral\u0131klar ile yenilenmektedir.Ortalama \u00f6d\u00fcl, o jackpot oyununa ait ge\u00e7mi\u015f veriler baz al\u0131narak ilgili jackpotun bug\u00fcne kadar ortalama hangi de\u011ferde kazan\u0131ld\u0131\u011f\u0131n\u0131 temsil etmektedir. Jackpotlar ortalama \u00f6d\u00fcl miktar\u0131na ula\u015fmadan da kazan\u0131labilir.<br \/>\n<\/small><\/p>\n","protected":false},"excerpt":{"rendered":"<p>Jackpot Bilgi Merkezi Milyonlarca TL\u00a0\u00f6d\u00fcl da\u011f\u0131tan Jackpot oyunlar\u0131na bir t\u0131k kadar yak\u0131ns\u0131n\u0131z. Kazan\u00e7 \u015fans\u0131n\u0131z\u0131 en \u00fcst d\u00fczeye \u00e7\u0131karmaya ne dersiniz? En me\u015fhur jackpot<\/p>\n","protected":false},"author":1,"featured_media":2077,"parent":0,"menu_order":0,"comment_status":"closed","ping_status":"closed","template":"jackpot-page.php","meta":{"_links_to":"","_links_to_target":""},"categories":[],"tags":[],"_links":{"self":[{"href":"https:\/\/bonus.casinometropol984.com\/tr\/wp-json\/wp\/v2\/pages\/2076"}],"collection":[{"href":"https:\/\/bonus.casinometropol984.com\/tr\/wp-json\/wp\/v2\/pages"}],"about":[{"href":"https:\/\/bonus.casinometropol984.com\/tr\/wp-json\/wp\/v2\/types\/page"}],"author":[{"embeddable":true,"href":"https:\/\/bonus.casinometropol984.com\/tr\/wp-json\/wp\/v2\/users\/1"}],"replies":[{"embeddable":true,"href":"https:\/\/bonus.casinometropol984.com\/tr\/wp-json\/wp\/v2\/comments?post=2076"}],"version-history":[{"count":0,"href":"https:\/\/bonus.casinometropol984.com\/tr\/wp-json\/wp\/v2\/pages\/2076\/revisions"}],"wp:featuredmedia":[{"embeddable":true,"href":"https:\/\/bonus.casinometropol984.com\/tr\/wp-json\/wp\/v2\/media\/2077"}],"wp:attachment":[{"href":"https:\/\/bonus.casinometropol984.com\/tr\/wp-json\/wp\/v2\/media?parent=2076"}],"wp:term":[{"taxonomy":"category","embeddable":true,"href":"https:\/\/bonus.casinometropol984.com\/tr\/wp-json\/wp\/v2\/categories?post=2076"},{"taxonomy":"post_tag","embeddable":true,"href":"https:\/\/bonus.casinometropol984.com\/tr\/wp-json\/wp\/v2\/tags?post=2076"}],"curies":[{"name":"wp","href":"https:\/\/api.w.org\/{rel}","templated":true}]}}