{"id":13,"date":"2021-09-16T11:14:49","date_gmt":"2021-09-16T08:14:49","guid":{"rendered":"https:\/\/bonus.casinometropol984.com\/tr\/?page_id=13"},"modified":"2021-09-16T11:14:49","modified_gmt":"2021-09-16T08:14:49","slug":"site-map","status":"publish","type":"page","link":"https:\/\/bonus.casinometropol984.com\/tr\/site-map\/","title":{"rendered":"Site Map"},"content":{"rendered":"<p><strong><a href=\"https:\/\/bonus.casinometropol984.com\/tr\/casino\/\">Casino<\/a><\/strong><ul class=\"lcp_catlist\" id=\"lcp_instance_0\"><li><a href=\"https:\/\/bonus.casinometropol984.com\/tr\/ogle-arasinda-free-spin-kazanin-10\/\">\u00d6\u011fle Aras\u0131nda Free Spin Kazan\u0131n<\/a><\/li><li><a href=\"https:\/\/bonus.casinometropol984.com\/tr\/her-hafta-150-000-tl-odul-2\/\">Her Hafta 150.000 TL \u00d6d\u00fcl<\/a><\/li><li><a href=\"https:\/\/bonus.casinometropol984.com\/tr\/yeni-slota-free-spin-yakalayin-2\/\">Yeni Slota Free Spin Yakalay\u0131n<\/a><\/li><li><a href=\"https:\/\/bonus.casinometropol984.com\/tr\/hafta-sonuna-ozel-free-spinler-9\/\">Hafta Sonuna \u00d6zel Free Spinler<\/a><\/li><li><a href=\"https:\/\/bonus.casinometropol984.com\/tr\/ozel-slota-30-free-spin-firsati\/\">\u00d6zel Slota 30 Free Spin F\u0131rsat\u0131<\/a><\/li><li><a href=\"https:\/\/bonus.casinometropol984.com\/tr\/sanal-sporlardan-cifte-odul-firsati\/\">Sanal Sporlar\u2019dan \u00c7ifte \u00d6d\u00fcl F\u0131rsat\u0131<\/a><\/li><li><a href=\"https:\/\/bonus.casinometropol984.com\/tr\/yeni-slotta-bonus-alin\/\">Yeni Slotta Bonus Al\u0131n<\/a><\/li><li><a href=\"https:\/\/bonus.casinometropol984.com\/tr\/ozel-oyunlardan-300-tl-bonus-6\/\">\u00d6zel Oyunlardan 300 TL Bonus<\/a><\/li><li><a href=\"https:\/\/bonus.casinometropol984.com\/tr\/bonanza-festivalinde-nakit-soleni\/\">Bonanza Festivali\u2019nde Nakit \u015e\u00f6leni<\/a><\/li><li><a href=\"https:\/\/bonus.casinometropol984.com\/tr\/yeni-slota-free-spin-yakalayin\/\">Yeni Slota Free Spin Yakalay\u0131n<\/a><\/li><\/ul><br \/>\n<strong><a href=\"https:\/\/bonus.casinometropol984.com\/tr\/canli-casino\/\">Canl\u0131 Casino<\/a><\/strong><ul class=\"lcp_catlist\" id=\"lcp_instance_0\"><li><a href=\"https:\/\/bonus.casinometropol984.com\/tr\/gunluk-canli-oyun-kuponlari-5\/\">G\u00fcnl\u00fck Canl\u0131 Oyun Kuponlar\u0131<\/a><\/li><li><a href=\"https:\/\/bonus.casinometropol984.com\/tr\/arkadasinizi-da-dahil-edin\/\">Arkada\u015f\u0131n\u0131z\u0131 Getirin, Birlikte Kazan\u0131n<\/a><\/li><li><a href=\"https:\/\/bonus.casinometropol984.com\/tr\/sansli-sayilardan-her-gun-nakit-2\/\">\u015eansl\u0131 Say\u0131lardan Her G\u00fcn Nakit<\/a><\/li><li><a href=\"https:\/\/bonus.casinometropol984.com\/tr\/canli-casinoda-200-tl-bonus\/\">Canl\u0131 Casino\u2019da 200 TL Bonus!<\/a><\/li><li><a href=\"https:\/\/bonus.casinometropol984.com\/tr\/blackjackte-odullu-ikililer-3\/\">Blackjack\u2019te \u00d6d\u00fcll\u00fc \u0130kililer<\/a><\/li><li><a href=\"https:\/\/bonus.casinometropol984.com\/tr\/gunluk-canli-oyun-kuponlari-4\/\">G\u00fcnl\u00fck Canl\u0131 Oyun Kuponlar\u0131<\/a><\/li><li><a href=\"https:\/\/bonus.casinometropol984.com\/tr\/2026ya-geri-sayim-kazanclari\/\">2026\u2019ya Geri Say\u0131m Kazan\u00e7lar\u0131<\/a><\/li><li><a href=\"https:\/\/bonus.casinometropol984.com\/tr\/sansli-sayilardan-her-gun-nakit\/\">\u015eansl\u0131 Say\u0131lardan Her G\u00fcn Nakit<\/a><\/li><li><a href=\"https:\/\/bonus.casinometropol984.com\/tr\/gunluk-canli-oyun-kuponlari-3\/\">G\u00fcnl\u00fck Canl\u0131 Oyun Kuponlar\u0131<\/a><\/li><li><a href=\"https:\/\/bonus.casinometropol984.com\/tr\/blackjackte-odullu-ikililer-2\/\">Blackjack\u2019te \u00d6d\u00fcll\u00fc \u0130kililer<\/a><\/li><\/ul><br \/>\n<strong><a href=\"https:\/\/bonus.casinometropol984.com\/tr\/genel-kampanyalar\/\">Genel Kampanyalar<\/a><\/strong><ul class=\"lcp_catlist\" id=\"lcp_instance_0\"><li><a href=\"https:\/\/bonus.casinometropol984.com\/tr\/arkadasinizi-da-dahil-edin\/\">Arkada\u015f\u0131n\u0131z\u0131 Getirin, Birlikte Kazan\u0131n<\/a><\/li><li><a href=\"https:\/\/bonus.casinometropol984.com\/tr\/haftalik-bonus-crash-oyunlarinda-2\/\">Haftal\u0131k Bonus Crash Oyunlar\u0131nda<\/a><\/li><li><a href=\"https:\/\/bonus.casinometropol984.com\/tr\/casino-metropol-ios-uygulamasi\/\">Casino Metropol iOS Platformunda!<\/a><\/li><li><a href=\"https:\/\/bonus.casinometropol984.com\/tr\/hos-geldiniz-bonusu\/\">Yeni \u00dcyelerimize \u00d6zel Paket<\/a><\/li><li><a href=\"https:\/\/bonus.casinometropol984.com\/tr\/sanal-sporlardan-free-spin-kazanin\/\">Sanal Sporlar\u2019dan Free Spin Kazan\u0131n<\/a><\/li><li><a href=\"https:\/\/bonus.casinometropol984.com\/tr\/haftalik-bonus-crash-oyunlarinda\/\">Haftal\u0131k Bonus Crash Oyunlar\u0131nda<\/a><\/li><li><a href=\"https:\/\/bonus.casinometropol984.com\/tr\/pragmaticten-surpriz-nakit-soleni\/\">PRAGMATIC&#8217;TEN S\u00dcRPR\u0130Z NAK\u0130T \u015e\u00d6LEN\u0130<\/a><\/li><li><a href=\"https:\/\/bonus.casinometropol984.com\/tr\/kupon-kampanyasi\/\">Kupon Kampanyas\u0131<\/a><\/li><li><a href=\"https:\/\/bonus.casinometropol984.com\/tr\/yaniltici-sitelere-aldanmayin\/\">Yan\u0131lt\u0131c\u0131 Sitelere Aldanmay\u0131n<\/a><\/li><li><a href=\"https:\/\/bonus.casinometropol984.com\/tr\/guvenle-ve-kolayca-para-yatirin\/\">G\u00fcvenle ve Kolayca Para Yat\u0131r\u0131n<\/a><\/li><\/ul><\/p>\n","protected":false},"excerpt":{"rendered":"","protected":false},"author":1,"featured_media":0,"parent":0,"menu_order":0,"comment_status":"closed","ping_status":"closed","template":"","meta":{"_links_to":"","_links_to_target":""},"categories":[],"tags":[],"_links":{"self":[{"href":"https:\/\/bonus.casinometropol984.com\/tr\/wp-json\/wp\/v2\/pages\/13"}],"collection":[{"href":"https:\/\/bonus.casinometropol984.com\/tr\/wp-json\/wp\/v2\/pages"}],"about":[{"href":"https:\/\/bonus.casinometropol984.com\/tr\/wp-json\/wp\/v2\/types\/page"}],"author":[{"embeddable":true,"href":"https:\/\/bonus.casinometropol984.com\/tr\/wp-json\/wp\/v2\/users\/1"}],"replies":[{"embeddable":true,"href":"https:\/\/bonus.casinometropol984.com\/tr\/wp-json\/wp\/v2\/comments?post=13"}],"version-history":[{"count":0,"href":"https:\/\/bonus.casinometropol984.com\/tr\/wp-json\/wp\/v2\/pages\/13\/revisions"}],"wp:attachment":[{"href":"https:\/\/bonus.casinometropol984.com\/tr\/wp-json\/wp\/v2\/media?parent=13"}],"wp:term":[{"taxonomy":"category","embeddable":true,"href":"https:\/\/bonus.casinometropol984.com\/tr\/wp-json\/wp\/v2\/categories?post=13"},{"taxonomy":"post_tag","embeddable":true,"href":"https:\/\/bonus.casinometropol984.com\/tr\/wp-json\/wp\/v2\/tags?post=13"}],"curies":[{"name":"wp","href":"https:\/\/api.w.org\/{rel}","templated":true}]}}